

{"id":2136,"date":"2017-03-13T09:59:46","date_gmt":"2017-03-13T09:59:46","guid":{"rendered":"http:\/\/http\/\/metal.loria.fr\/?page_id=2136"},"modified":"2017-03-13T09:59:46","modified_gmt":"2017-03-13T09:59:46","slug":"soutiens","status":"publish","type":"page","link":"https:\/\/metal.loria.fr\/fr\/soutiens\/","title":{"rendered":"Soutiens"},"content":{"rendered":"<div id=\"chapo\">\n<p><img loading=\"lazy\" decoding=\"async\" class=\"alignnone size-medium wp-image-2494\" src=\"https:\/\/metal.loria.fr\/files\/2017\/03\/soutiens-metal-copie-300x120.png\" alt=\"\" width=\"300\" height=\"120\" srcset=\"https:\/\/metal.loria.fr\/files\/2017\/03\/soutiens-metal-copie-300x120.png 300w, https:\/\/metal.loria.fr\/files\/2017\/03\/soutiens-metal-copie-1024x410.png 1024w, https:\/\/metal.loria.fr\/files\/2017\/03\/soutiens-metal-copie-768x307.png 768w, https:\/\/metal.loria.fr\/files\/2017\/03\/soutiens-metal-copie-1536x615.png 1536w, https:\/\/metal.loria.fr\/files\/2017\/03\/soutiens-metal-copie-2048x819.png 2048w, https:\/\/metal.loria.fr\/files\/2017\/03\/soutiens-metal-copie-150x60.png 150w\" sizes=\"auto, (max-width: 300px) 100vw, 300px\" \/><\/p>\n<p><em>Le projet METAL a \u00e9t\u00e9 s\u00e9lectionn\u00e9 en avril 2016 dans le cadre de l&rsquo;appel \u00e0 projets E-Fran.<\/em><\/p>\n<p>Dot\u00e9 de 30 millions d&rsquo;euros, l\u2019appel \u00e0 projets e-FRAN (Espaces de formation, de recherche et d&rsquo;animation num\u00e9rique) s&rsquo;inscrit dans le cadre du Programme d&rsquo;Investissement d&rsquo;Avenir 2. Il vise \u00e0 soutenir des projets de transformation de l&rsquo;Ecole qui traduisent la volont\u00e9 des acteurs de l&rsquo;\u00e9ducation et de leurs partenaires de cr\u00e9er des \u00ab\u00a0territoires \u00e9ducatifs d&rsquo;innovation num\u00e9rique\u00a0\u00bb en prenant appui sur la recherche.<\/p>\n<\/div>\n<div id=\"principal\">\n<p>Un jury ind\u00e9pendant s\u00e9lectionne les projets qui ont les caract\u00e9ristiques suivantes\u00a0:<\/p>\n<p>&#8211;\u00a0ils f\u00e9d\u00e8rent autour d\u2019un projet innovant, \u00e9coles et \u00e9tablissements scolaires (un ou plusieurs), collectivit\u00e9s territoriales, entreprises, laboratoires de recherche, associations, autres acteurs de l\u2019\u00e9ducation, etc.<\/p>\n<p>&#8211;\u00a0ils s&rsquo;inscrivent dans des territoires diversifi\u00e9s permettant d\u2019assurer un suivi et une \u00e9valuation pr\u00e9cise notamment sur les r\u00e9sultats des \u00e9l\u00e8ves engag\u00e9s dans les exp\u00e9rimentations \u00a0;<\/p>\n<p>&#8211;\u00a0ils r\u00e9pondent \u00e0 des objectifs bien d\u00e9finis, qu&rsquo;il s&rsquo;agisse d&rsquo;aborder le num\u00e9rique comme ressource p\u00e9dagogique, comp\u00e9tence nouvelle \u00e0 acqu\u00e9rir, fait social et objet de recherche.<\/p>\n<p>Les crit\u00e8res de s\u00e9lection portent sur le caract\u00e8re innovant, la gouvernance et l\u2019impact du projet.<\/p>\n<\/div>\n","protected":false},"excerpt":{"rendered":"<p>Le projet METAL a \u00e9t\u00e9 s\u00e9lectionn\u00e9 en avril 2016 dans le cadre de l&rsquo;appel \u00e0 projets E-Fran. Dot\u00e9 de 30 millions d&rsquo;euros, l\u2019appel \u00e0 projets e-FRAN (Espaces de formation, de recherche et d&rsquo;animation num\u00e9rique) s&rsquo;inscrit dans le cadre du Programme d&rsquo;Investissement d&rsquo;Avenir 2. Il vise \u00e0 soutenir des projets de\u2026<\/p>\n<p> <a class=\"continue-reading-link\" href=\"https:\/\/metal.loria.fr\/fr\/soutiens\/\"><span>En savoir +<\/span><i class=\"crycon-right-dir\"><\/i><\/a> <\/p>\n","protected":false},"author":1990,"featured_media":0,"parent":0,"menu_order":0,"comment_status":"closed","ping_status":"closed","template":"","meta":{"footnotes":""},"class_list":["post-2136","page","type-page","status-publish","hentry"],"_links":{"self":[{"href":"https:\/\/metal.loria.fr\/fr\/wp-json\/wp\/v2\/pages\/2136","targetHints":{"allow":["GET"]}}],"collection":[{"href":"https:\/\/metal.loria.fr\/fr\/wp-json\/wp\/v2\/pages"}],"about":[{"href":"https:\/\/metal.loria.fr\/fr\/wp-json\/wp\/v2\/types\/page"}],"author":[{"embeddable":true,"href":"https:\/\/metal.loria.fr\/fr\/wp-json\/wp\/v2\/users\/1990"}],"replies":[{"embeddable":true,"href":"https:\/\/metal.loria.fr\/fr\/wp-json\/wp\/v2\/comments?post=2136"}],"version-history":[{"count":0,"href":"https:\/\/metal.loria.fr\/fr\/wp-json\/wp\/v2\/pages\/2136\/revisions"}],"wp:attachment":[{"href":"https:\/\/metal.loria.fr\/fr\/wp-json\/wp\/v2\/media?parent=2136"}],"curies":[{"name":"wp","href":"https:\/\/api.w.org\/{rel}","templated":true}]}}