

{"id":2153,"date":"2017-03-13T10:20:39","date_gmt":"2017-03-13T10:20:39","guid":{"rendered":"http:\/\/http\/\/metal.loria.fr\/?page_id=2153"},"modified":"2017-03-13T10:20:39","modified_gmt":"2017-03-13T10:20:39","slug":"unites-de-recherche","status":"publish","type":"page","link":"https:\/\/metal.loria.fr\/fr\/unites-de-recherche\/","title":{"rendered":"Unit\u00e9s de recherche"},"content":{"rendered":"<ul>\n<li>\n<h3><a href=\"http:\/\/www.loria.fr\">Loria<\/a><\/h3>\n<\/li>\n<\/ul>\n<p><img loading=\"lazy\" decoding=\"async\" class=\"alignleft wp-image-2257 size-thumbnail\" src=\"https:\/\/metal.loria.fr\/files\/2017\/03\/logo_loria_abrege-150x150.jpg\" alt=\"logo-L\" width=\"150\" height=\"150\" srcset=\"https:\/\/metal.loria.fr\/files\/2017\/03\/logo_loria_abrege-150x150.jpg 150w, https:\/\/metal.loria.fr\/files\/2017\/03\/logo_loria_abrege-144x144.jpg 144w\" sizes=\"auto, (max-width: 150px) 100vw, 150px\" \/>Le Loria, Laboratoire lorrain de Recherche en Informatique et ses Applications est une Unit\u00e9 Mixte de Recherche (UMR 7503), commune \u00e0 plusieurs \u00e9tablissements\u00a0: l\u2019<a href=\"http:\/\/vers.univ-lorraine.fr\/\">Universit\u00e9 de Lorraine<\/a>, le\u00a0<a href=\"http:\/\/www.cnrs.fr\/\">CNRS<\/a>, et\u00a0<a href=\"http:\/\/www.inria.fr\/\">Inria<\/a>.<\/p>\n<p>Trois de ses \u00e9quipes de recherche sont impliqu\u00e9es dans le projet METAL : <a href=\"http:\/\/kiwi.loria.fr\/\">Kiwi<\/a>, <a href=\"https:\/\/team.inria.fr\/multispeech\/fr\/\">Multispeech<\/a> et <a href=\"http:\/\/talc1.loria.fr\/synalp\/index.html\">Synalp<\/a>.<\/p>\n<p><a href=\"http:\/\/www.loria.fr\">Site web<\/a><\/p>\n<p>&nbsp;<\/p>\n<p>&nbsp;<\/p>\n<hr \/>\n<ul>\n<li>\n<h3><a href=\"http:\/\/interpsy.univ-lorraine.fr\/\">InterPsy<\/a><\/h3>\n<\/li>\n<\/ul>\n<p><img loading=\"lazy\" decoding=\"async\" class=\"alignleft wp-image-2258 size-full\" src=\"https:\/\/metal.loria.fr\/files\/2017\/03\/logointerpsy.png\" alt=\"logointerpsy\" width=\"219\" height=\"82\" srcset=\"https:\/\/metal.loria.fr\/files\/2017\/03\/logointerpsy.png 219w, https:\/\/metal.loria.fr\/files\/2017\/03\/logointerpsy-150x56.png 150w\" sizes=\"auto, (max-width: 219px) 100vw, 219px\" \/>InterPsy est un laboratoire de Psychologie qui \u00e9tudie les interactions et les relations intersubjectives, en d\u00e9veloppant des recherches fondamentales (communication, psychopathologie, psychologie sociale, psychologie du d\u00e9veloppement, psychologie cognitive) et des recherches appliqu\u00e9es (\u00e9ducation, sant\u00e9, travail).<\/p>\n<p><a href=\"http:\/\/interpsy.univ-lorraine.fr\/\">Site web<\/a><\/p>\n<p>&nbsp;<\/p>\n<hr \/>\n<ul>\n<li>\n<h3><a href=\"http:\/\/www.lisec-recherche.eu\/\">LISEC<\/a><\/h3>\n<\/li>\n<\/ul>\n<p><img loading=\"lazy\" decoding=\"async\" class=\"alignleft wp-image-2259\" src=\"https:\/\/metal.loria.fr\/files\/2017\/03\/logo-lisec-300x199.png\" alt=\"logo-lisec\" width=\"158\" height=\"105\" \/>Le LISEC se singularise dans le champ de la recherche en Sciences de l\u2019\u00c9ducation et en Sciences de l\u2019Information et de la Communication par les travaux qu\u2019il m\u00e8ne sur les <strong>espaces et dispositifs d\u2019\u00e9ducation et de formation<\/strong>. Il regroupe des enseignants-chercheurs et chercheurs de l&rsquo;Universit\u00e9 de Lorraine, l&rsquo;Universit\u00e9 de Strasbourg et l&rsquo;Universit\u00e9 de Haute-Alsace.<\/p>\n<p><a href=\"http:\/\/www.lisec-recherche.eu\/\">Site web<\/a><\/p>\n<p>&nbsp;<\/p>\n<hr \/>\n<ul>\n<li>\n<h3><a href=\"http:\/\/www.dante.uvsq.fr\/laboratoire-de-droit-des-affaires-et-nouvelles-technologies-dante-\/langue-fr\/presentation\/\">D@NTE<\/a><\/h3>\n<\/li>\n<\/ul>\n<p><img loading=\"lazy\" decoding=\"async\" class=\"alignleft wp-image-2262\" src=\"https:\/\/metal.loria.fr\/files\/2017\/03\/dante-png-300x138.png\" alt=\"dante-png\" width=\"232\" height=\"107\" srcset=\"https:\/\/metal.loria.fr\/files\/2017\/03\/dante-png-300x138.png 300w, https:\/\/metal.loria.fr\/files\/2017\/03\/dante-png-1024x470.png 1024w, https:\/\/metal.loria.fr\/files\/2017\/03\/dante-png-768x353.png 768w, https:\/\/metal.loria.fr\/files\/2017\/03\/dante-png-150x69.png 150w, https:\/\/metal.loria.fr\/files\/2017\/03\/dante-png.png 1091w\" sizes=\"auto, (max-width: 232px) 100vw, 232px\" \/>Le Laboratoire D@NTE a pour vocation d\u2019accueillir tous les enseignants-chercheurs et chercheurs en droit priv\u00e9 et sciences criminelles de la facult\u00e9 de droit et de l\u2019universit\u00e9 de Versailles Saint-Quentin-en-Yvelines. Pluridisciplinaire, il est partie prenante de projets de recherche collaboratifs nationaux et internationaux (ANR, GIP, PEPS) en partenariat avec des laboratoires en informatique, \u00e9conomie, sociologie\u2026<\/p>\n<p><a href=\"http:\/\/www.dante.uvsq.fr\/\">Site web<\/a><\/p>\n<p>&nbsp;<\/p>\n<hr \/>\n<ul>\n<li>Universit\u00e9 de Lorraine<\/li>\n<\/ul>\n<p><a href=\"http:\/\/www.univ-lorraine.fr\/\"><img loading=\"lazy\" decoding=\"async\" class=\"alignnone size-medium wp-image-2473\" src=\"https:\/\/metal.loria.fr\/files\/2017\/03\/Universite_de_Lorraine_-_logo-300x133.jpg\" alt=\"\" width=\"300\" height=\"133\" srcset=\"https:\/\/metal.loria.fr\/files\/2017\/03\/Universite_de_Lorraine_-_logo-300x133.jpg 300w, https:\/\/metal.loria.fr\/files\/2017\/03\/Universite_de_Lorraine_-_logo-150x66.jpg 150w, https:\/\/metal.loria.fr\/files\/2017\/03\/Universite_de_Lorraine_-_logo.jpg 669w\" sizes=\"auto, (max-width: 300px) 100vw, 300px\" \/><\/a><\/p>\n<p><a href=\"http:\/\/www.univ-lorraine.fr\/\"> Site web<\/a><\/p>\n<p>&nbsp;<\/p>\n<hr \/>\n<ul>\n<li>Universit\u00e9 Versailles St-Quentin en Yvelines<\/li>\n<\/ul>\n<p><img loading=\"lazy\" decoding=\"async\" class=\"alignnone wp-image-2474\" src=\"https:\/\/metal.loria.fr\/files\/2017\/03\/universite-versailles.jpg\" alt=\"\" width=\"184\" height=\"184\" srcset=\"https:\/\/metal.loria.fr\/files\/2017\/03\/universite-versailles.jpg 291w, https:\/\/metal.loria.fr\/files\/2017\/03\/universite-versailles-150x150.jpg 150w, https:\/\/metal.loria.fr\/files\/2017\/03\/universite-versailles-144x144.jpg 144w\" sizes=\"auto, (max-width: 184px) 100vw, 184px\" \/><\/p>\n<p><a href=\"http:\/\/www.uvsq.fr\/\">Site web<\/a><\/p>\n","protected":false},"excerpt":{"rendered":"<p>Loria Le Loria, Laboratoire lorrain de Recherche en Informatique et ses Applications est une Unit\u00e9 Mixte de Recherche (UMR 7503), commune \u00e0 plusieurs \u00e9tablissements\u00a0: l\u2019Universit\u00e9 de Lorraine, le\u00a0CNRS, et\u00a0Inria. Trois de ses \u00e9quipes de recherche sont impliqu\u00e9es dans le projet METAL : Kiwi, Multispeech et Synalp. Site web &nbsp; &nbsp;\u2026<\/p>\n<p> <a class=\"continue-reading-link\" href=\"https:\/\/metal.loria.fr\/fr\/unites-de-recherche\/\"><span>En savoir +<\/span><i class=\"crycon-right-dir\"><\/i><\/a> <\/p>\n","protected":false},"author":1990,"featured_media":0,"parent":0,"menu_order":0,"comment_status":"closed","ping_status":"closed","template":"","meta":{"footnotes":""},"class_list":["post-2153","page","type-page","status-publish","hentry"],"_links":{"self":[{"href":"https:\/\/metal.loria.fr\/fr\/wp-json\/wp\/v2\/pages\/2153","targetHints":{"allow":["GET"]}}],"collection":[{"href":"https:\/\/metal.loria.fr\/fr\/wp-json\/wp\/v2\/pages"}],"about":[{"href":"https:\/\/metal.loria.fr\/fr\/wp-json\/wp\/v2\/types\/page"}],"author":[{"embeddable":true,"href":"https:\/\/metal.loria.fr\/fr\/wp-json\/wp\/v2\/users\/1990"}],"replies":[{"embeddable":true,"href":"https:\/\/metal.loria.fr\/fr\/wp-json\/wp\/v2\/comments?post=2153"}],"version-history":[{"count":0,"href":"https:\/\/metal.loria.fr\/fr\/wp-json\/wp\/v2\/pages\/2153\/revisions"}],"wp:attachment":[{"href":"https:\/\/metal.loria.fr\/fr\/wp-json\/wp\/v2\/media?parent=2153"}],"curies":[{"name":"wp","href":"https:\/\/api.w.org\/{rel}","templated":true}]}}