

{"id":2155,"date":"2017-03-13T10:20:50","date_gmt":"2017-03-13T10:20:50","guid":{"rendered":"http:\/\/http\/\/metal.loria.fr\/?page_id=2155"},"modified":"2017-03-13T10:20:50","modified_gmt":"2017-03-13T10:20:50","slug":"entreprises","status":"publish","type":"page","link":"https:\/\/metal.loria.fr\/fr\/entreprises\/","title":{"rendered":"Entreprises"},"content":{"rendered":"<ul>\n<li>\n<h3><a href=\"http:\/\/www.sailendra.biz\/home\">Sailendra <\/a><\/h3>\n<\/li>\n<\/ul>\n<p><img loading=\"lazy\" decoding=\"async\" class=\"size-full wp-image-2270 alignleft\" src=\"https:\/\/metal.loria.fr\/files\/2017\/03\/logo_sailendra2.png\" alt=\"logo_sailendra2\" width=\"222\" height=\"58\" srcset=\"https:\/\/metal.loria.fr\/files\/2017\/03\/logo_sailendra2.png 222w, https:\/\/metal.loria.fr\/files\/2017\/03\/logo_sailendra2-150x39.png 150w\" sizes=\"auto, (max-width: 222px) 100vw, 222px\" \/>Sailendra est une jeune entreprise innovante issue de la recherche. Elle associe des comp\u00e9tences compl\u00e9mentaires de haut niveau. Elle con\u00e7oit et d\u00e9veloppe des solutions technologiques d&rsquo;optimisation des achats, au travers de ses produits d&rsquo;Intelligence Artificielle pour le e-commerce, la presse en ligne, les intranets et les plateformes d&rsquo;e-\u00e9ducation.<\/p>\n<p><a href=\"http:\/\/www.sailendra.biz\/home\">Site web<\/a><\/p>\n<p>&nbsp;<\/p>\n<hr \/>\n<ul>\n<li>\n<h3><a href=\"http:\/\/www.itopeducation.fr\/\">ITOP \u00c9ducation<\/a><\/h3>\n<\/li>\n<\/ul>\n<p><img loading=\"lazy\" decoding=\"async\" class=\"size-full wp-image-2271 alignleft\" src=\"https:\/\/metal.loria.fr\/files\/2017\/03\/logo_itop_educ.png\" alt=\"logo_itop_educ\" width=\"255\" height=\"62\" srcset=\"https:\/\/metal.loria.fr\/files\/2017\/03\/logo_itop_educ.png 255w, https:\/\/metal.loria.fr\/files\/2017\/03\/logo_itop_educ-150x36.png 150w, https:\/\/metal.loria.fr\/files\/2017\/03\/logo_itop_educ-250x62.png 250w\" sizes=\"auto, (max-width: 255px) 100vw, 255px\" \/>ITOP \u00c9ducation travaille dans les \u00e9coles depuis 2003\u00a0 pour d\u00e9velopper les meilleures applications \u00e9ducatives en l\u2019\u00e9ducation au c\u0153ur de ses actions. ITOP \u00c9ducation travaille en \u00e9troite collaboration avec les \u00e9coles afin de d\u00e9velopper les meilleurs outils p\u00e9dagogiques en ligne pour les enseignants et les \u00e9l\u00e8ves.<\/p>\n<p><a href=\"http:\/\/www.itopeducation.fr\/\">Site web<\/a><\/p>\n<p>&nbsp;<\/p>\n","protected":false},"excerpt":{"rendered":"<p>Sailendra Sailendra est une jeune entreprise innovante issue de la recherche. Elle associe des comp\u00e9tences compl\u00e9mentaires de haut niveau. Elle con\u00e7oit et d\u00e9veloppe des solutions technologiques d&rsquo;optimisation des achats, au travers de ses produits d&rsquo;Intelligence Artificielle pour le e-commerce, la presse en ligne, les intranets et les plateformes d&rsquo;e-\u00e9ducation. Site\u2026<\/p>\n<p> <a class=\"continue-reading-link\" href=\"https:\/\/metal.loria.fr\/fr\/entreprises\/\"><span>En savoir +<\/span><i class=\"crycon-right-dir\"><\/i><\/a> <\/p>\n","protected":false},"author":1990,"featured_media":0,"parent":0,"menu_order":0,"comment_status":"closed","ping_status":"closed","template":"","meta":{"footnotes":""},"class_list":["post-2155","page","type-page","status-publish","hentry"],"_links":{"self":[{"href":"https:\/\/metal.loria.fr\/fr\/wp-json\/wp\/v2\/pages\/2155","targetHints":{"allow":["GET"]}}],"collection":[{"href":"https:\/\/metal.loria.fr\/fr\/wp-json\/wp\/v2\/pages"}],"about":[{"href":"https:\/\/metal.loria.fr\/fr\/wp-json\/wp\/v2\/types\/page"}],"author":[{"embeddable":true,"href":"https:\/\/metal.loria.fr\/fr\/wp-json\/wp\/v2\/users\/1990"}],"replies":[{"embeddable":true,"href":"https:\/\/metal.loria.fr\/fr\/wp-json\/wp\/v2\/comments?post=2155"}],"version-history":[{"count":0,"href":"https:\/\/metal.loria.fr\/fr\/wp-json\/wp\/v2\/pages\/2155\/revisions"}],"wp:attachment":[{"href":"https:\/\/metal.loria.fr\/fr\/wp-json\/wp\/v2\/media?parent=2155"}],"curies":[{"name":"wp","href":"https:\/\/api.w.org\/{rel}","templated":true}]}}