

{"id":2157,"date":"2017-03-13T10:21:06","date_gmt":"2017-03-13T10:21:06","guid":{"rendered":"http:\/\/http\/\/metal.loria.fr\/?page_id=2157"},"modified":"2017-03-13T10:21:06","modified_gmt":"2017-03-13T10:21:06","slug":"collectivites-territoriales","status":"publish","type":"page","link":"https:\/\/metal.loria.fr\/fr\/collectivites-territoriales\/","title":{"rendered":"Collectivit\u00e9s territoriales"},"content":{"rendered":"<ul>\n<li>\n<h3><a href=\"http:\/\/www.alsacechampagneardennelorraine.eu\/\">Conseil r\u00e9gional Grand-Est<\/a><\/h3>\n<\/li>\n<\/ul>\n<p><img loading=\"lazy\" decoding=\"async\" class=\"alignleft wp-image-2275\" src=\"https:\/\/metal.loria.fr\/files\/2017\/03\/GE_RVB-300x116.jpg\" alt=\"ge_rvb\" width=\"252\" height=\"97\" srcset=\"https:\/\/metal.loria.fr\/files\/2017\/03\/GE_RVB-300x116.jpg 300w, https:\/\/metal.loria.fr\/files\/2017\/03\/GE_RVB-1024x396.jpg 1024w, https:\/\/metal.loria.fr\/files\/2017\/03\/GE_RVB-768x297.jpg 768w, https:\/\/metal.loria.fr\/files\/2017\/03\/GE_RVB-1536x594.jpg 1536w, https:\/\/metal.loria.fr\/files\/2017\/03\/GE_RVB-2048x792.jpg 2048w, https:\/\/metal.loria.fr\/files\/2017\/03\/GE_RVB-150x58.jpg 150w\" sizes=\"auto, (max-width: 252px) 100vw, 252px\" \/><\/p>\n<p>&nbsp;<\/p>\n<p>&nbsp;<\/p>\n<hr \/>\n<ul>\n<li>\n<h3><a href=\"http:\/\/www.meurthe-et-moselle.fr\/\">Conseil d\u00e9partemental de Meurthe et Moselle<\/a><\/h3>\n<\/li>\n<\/ul>\n<p><img loading=\"lazy\" decoding=\"async\" class=\"alignnone wp-image-2276\" src=\"https:\/\/metal.loria.fr\/files\/2017\/03\/Vertical-couleur-RVB-247x300.png\" alt=\"vertical-couleur-rvb\" width=\"152\" height=\"185\" srcset=\"https:\/\/metal.loria.fr\/files\/2017\/03\/Vertical-couleur-RVB-247x300.png 247w, https:\/\/metal.loria.fr\/files\/2017\/03\/Vertical-couleur-RVB-123x150.png 123w, https:\/\/metal.loria.fr\/files\/2017\/03\/Vertical-couleur-RVB.png 433w\" sizes=\"auto, (max-width: 152px) 100vw, 152px\" \/><\/p>\n<hr \/>\n<ul>\n<li>\n<h3><a href=\"http:\/\/www.meuse.fr\/\">Conseil d\u00e9partemental de Meuse<\/a><\/h3>\n<\/li>\n<\/ul>\n<p><img loading=\"lazy\" decoding=\"async\" class=\"alignnone wp-image-2277\" src=\"https:\/\/metal.loria.fr\/files\/2017\/03\/CG55-Meuse-logo-2015-211x300.png\" alt=\"cg55-meuse-logo-2015\" width=\"114\" height=\"162\" srcset=\"https:\/\/metal.loria.fr\/files\/2017\/03\/CG55-Meuse-logo-2015-211x300.png 211w, https:\/\/metal.loria.fr\/files\/2017\/03\/CG55-Meuse-logo-2015-105x150.png 105w, https:\/\/metal.loria.fr\/files\/2017\/03\/CG55-Meuse-logo-2015.png 343w\" sizes=\"auto, (max-width: 114px) 100vw, 114px\" \/><\/p>\n<hr \/>\n<ul>\n<li>\n<h3><a href=\"http:\/\/www.moselle.fr\/Pages\/default.aspx\">Conseil d\u00e9partemental de Moselle<\/a><\/h3>\n<\/li>\n<\/ul>\n<p><img loading=\"lazy\" decoding=\"async\" class=\"alignnone wp-image-2278\" src=\"https:\/\/metal.loria.fr\/files\/2017\/03\/Moselle_57_logo_2015.svg_.png\" alt=\"moselle_57_logo_2015-svg\" width=\"196\" height=\"129\" srcset=\"https:\/\/metal.loria.fr\/files\/2017\/03\/Moselle_57_logo_2015.svg_.png 220w, https:\/\/metal.loria.fr\/files\/2017\/03\/Moselle_57_logo_2015.svg_-150x99.png 150w\" sizes=\"auto, (max-width: 196px) 100vw, 196px\" \/><\/p>\n","protected":false},"excerpt":{"rendered":"<p>Conseil r\u00e9gional Grand-Est &nbsp; &nbsp; Conseil d\u00e9partemental de Meurthe et Moselle Conseil d\u00e9partemental de Meuse Conseil d\u00e9partemental de Moselle<\/p>\n<p> <a class=\"continue-reading-link\" href=\"https:\/\/metal.loria.fr\/fr\/collectivites-territoriales\/\"><span>En savoir +<\/span><i class=\"crycon-right-dir\"><\/i><\/a> <\/p>\n","protected":false},"author":1990,"featured_media":0,"parent":0,"menu_order":0,"comment_status":"closed","ping_status":"closed","template":"","meta":{"footnotes":""},"class_list":["post-2157","page","type-page","status-publish","hentry"],"_links":{"self":[{"href":"https:\/\/metal.loria.fr\/fr\/wp-json\/wp\/v2\/pages\/2157","targetHints":{"allow":["GET"]}}],"collection":[{"href":"https:\/\/metal.loria.fr\/fr\/wp-json\/wp\/v2\/pages"}],"about":[{"href":"https:\/\/metal.loria.fr\/fr\/wp-json\/wp\/v2\/types\/page"}],"author":[{"embeddable":true,"href":"https:\/\/metal.loria.fr\/fr\/wp-json\/wp\/v2\/users\/1990"}],"replies":[{"embeddable":true,"href":"https:\/\/metal.loria.fr\/fr\/wp-json\/wp\/v2\/comments?post=2157"}],"version-history":[{"count":0,"href":"https:\/\/metal.loria.fr\/fr\/wp-json\/wp\/v2\/pages\/2157\/revisions"}],"wp:attachment":[{"href":"https:\/\/metal.loria.fr\/fr\/wp-json\/wp\/v2\/media?parent=2157"}],"curies":[{"name":"wp","href":"https:\/\/api.w.org\/{rel}","templated":true}]}}