

{"id":2159,"date":"2017-03-13T10:22:06","date_gmt":"2017-03-13T10:22:06","guid":{"rendered":"http:\/\/http\/\/metal.loria.fr\/?page_id=2159"},"modified":"2017-03-13T10:22:06","modified_gmt":"2017-03-13T10:22:06","slug":"etablissements-scolaires","status":"publish","type":"page","link":"https:\/\/metal.loria.fr\/fr\/etablissements-scolaires\/","title":{"rendered":"\u00c9tablissements scolaires"},"content":{"rendered":"<ul>\n<li>Coll\u00e8ge Louis Pergaud, Fresnes-en-Wo\u00ebvre<\/li>\n<li>Coll\u00e8ge Van Gogh, Bl\u00e9nod-les-Pont-\u00e0-Mousson<\/li>\n<li>Coll\u00e8ge Les \u00c9tangs, Moussey<\/li>\n<li>Coll\u00e8ge de l&rsquo;Elbe, Putellange aux Lacs<\/li>\n<li>Lyc\u00e9e Professionnel Darche, Longwy<\/li>\n<li>Lyc\u00e9e Professionnel Pierre et Marie Curie, Freyming-Merlebach<\/li>\n<\/ul>\n","protected":false},"excerpt":{"rendered":"<p>Coll\u00e8ge Louis Pergaud, Fresnes-en-Wo\u00ebvre Coll\u00e8ge Van Gogh, Bl\u00e9nod-les-Pont-\u00e0-Mousson Coll\u00e8ge Les \u00c9tangs, Moussey Coll\u00e8ge de l&rsquo;Elbe, Putellange aux Lacs Lyc\u00e9e Professionnel Darche, Longwy Lyc\u00e9e Professionnel Pierre et Marie Curie, Freyming-Merlebach<\/p>\n<p> <a class=\"continue-reading-link\" href=\"https:\/\/metal.loria.fr\/fr\/etablissements-scolaires\/\"><span>En savoir +<\/span><i class=\"crycon-right-dir\"><\/i><\/a> <\/p>\n","protected":false},"author":1990,"featured_media":0,"parent":0,"menu_order":0,"comment_status":"closed","ping_status":"closed","template":"","meta":{"footnotes":""},"class_list":["post-2159","page","type-page","status-publish","hentry"],"_links":{"self":[{"href":"https:\/\/metal.loria.fr\/fr\/wp-json\/wp\/v2\/pages\/2159","targetHints":{"allow":["GET"]}}],"collection":[{"href":"https:\/\/metal.loria.fr\/fr\/wp-json\/wp\/v2\/pages"}],"about":[{"href":"https:\/\/metal.loria.fr\/fr\/wp-json\/wp\/v2\/types\/page"}],"author":[{"embeddable":true,"href":"https:\/\/metal.loria.fr\/fr\/wp-json\/wp\/v2\/users\/1990"}],"replies":[{"embeddable":true,"href":"https:\/\/metal.loria.fr\/fr\/wp-json\/wp\/v2\/comments?post=2159"}],"version-history":[{"count":0,"href":"https:\/\/metal.loria.fr\/fr\/wp-json\/wp\/v2\/pages\/2159\/revisions"}],"wp:attachment":[{"href":"https:\/\/metal.loria.fr\/fr\/wp-json\/wp\/v2\/media?parent=2159"}],"curies":[{"name":"wp","href":"https:\/\/api.w.org\/{rel}","templated":true}]}}