

{"id":2167,"date":"2017-03-13T10:24:25","date_gmt":"2017-03-13T10:24:25","guid":{"rendered":"http:\/\/http\/\/metal.loria.fr\/?page_id=2167"},"modified":"2017-03-13T10:24:25","modified_gmt":"2017-03-13T10:24:25","slug":"resultats","status":"publish","type":"page","link":"https:\/\/metal.loria.fr\/fr\/resultats\/","title":{"rendered":"R\u00e9sultats"},"content":{"rendered":"<p>Les <strong>r\u00e9sultats<\/strong> attendus de <strong>METAL<\/strong> sont multiples :<\/p>\n<ol>\n<li>un <strong>tableau de bord<\/strong> destin\u00e9 aux <strong>enseignants<\/strong> afin de leur permettre un <strong>suivi<\/strong> individualis\u00e9 des \u00e9l\u00e8ves au cours du temps et la gestion p\u00e9dagogique de leur classe<\/li>\n<li>un<strong> barom\u00e8tre \u00e9ducatif<\/strong> destin\u00e9 \u00e0 chaque <strong>\u00e9l\u00e8ve<\/strong>, syst\u00e8me d\u2019autopositionnement et de stimulation de la <strong>motivation<\/strong><\/li>\n<li>un \u00e9tude de la qualit\u00e9 de l&rsquo;<strong>apprentissage<\/strong> et de la m\u00e9morisation \u00e0 travers l\u2019<strong>exploration<\/strong> et l\u2019analyse de donn\u00e9es <strong>oculom\u00e9triques<\/strong><\/li>\n<\/ol>\n<p>&nbsp;<\/p>\n<p>METAL vise aussi \u00e0 la <strong>conception<\/strong> d&rsquo;un syst\u00e8me d&rsquo;<strong>autoapprentissage<\/strong> novateur int\u00e9grant :<\/p>\n<ol>\n<li>la <strong>g\u00e9n\u00e9ration semi-au<\/strong><strong>tomatique d&rsquo;exercices de grammaire<\/strong> en fonction d&rsquo;un but p\u00e9dagogique, du niveau de l&rsquo;apprenant, voire de contraintes sp\u00e9cifi\u00e9es par l&rsquo;enseignant<\/li>\n<p><img loading=\"lazy\" decoding=\"async\" class=\"wp-image-2564 size-medium alignright\" src=\"https:\/\/metal.loria.fr\/files\/2017\/03\/teteParlante-tech-300x257.jpeg\" alt=\"\" width=\"300\" height=\"257\" srcset=\"https:\/\/metal.loria.fr\/files\/2017\/03\/teteParlante-tech-300x257.jpeg 300w, https:\/\/metal.loria.fr\/files\/2017\/03\/teteParlante-tech-1024x878.jpeg 1024w, https:\/\/metal.loria.fr\/files\/2017\/03\/teteParlante-tech-768x658.jpeg 768w, https:\/\/metal.loria.fr\/files\/2017\/03\/teteParlante-tech-1536x1317.jpeg 1536w, https:\/\/metal.loria.fr\/files\/2017\/03\/teteParlante-tech-2048x1755.jpeg 2048w, https:\/\/metal.loria.fr\/files\/2017\/03\/teteParlante-tech-150x129.jpeg 150w\" sizes=\"auto, (max-width: 300px) 100vw, 300px\" \/><\/p>\n<li>la <strong>prononciation<\/strong> d\u2019exemples par une <strong>t\u00eate parlante virtuelle<\/strong><\/li>\n<li>la <strong>conception<\/strong> et l&rsquo;analyse de techniques de <strong>gamification<\/strong> favorisant l&rsquo;implication et la motivation des apprenants<\/li>\n<\/ol>\n<p>&nbsp;<\/p>\n<p>D&rsquo;un point de vue du <strong>domaine<\/strong> des <strong>r\u00e9sultats<\/strong>, ils se classifient :<\/p>\n<ul>\n<ul>\n<li>recherche <strong>fondamentale<\/strong> : aspects comme la <strong>fouille de donn\u00e9es<\/strong> humaines en contexte <strong>\u00ab\u00a0Big Data\u00a0\u00bb<\/strong>, les<strong> Learning Analytics<\/strong>, le <strong>traitement automatique des langues<\/strong>, la <strong>production de parole<\/strong> par une t\u00eate parlante, la <strong>reconnaissance<\/strong> automatique<strong> de parole<\/strong> par des enfants et des non natifs, la <strong>psychologie cognitive<\/strong> pour l\u2019\u00e9tude de comportements et les sciences de l\u2019\u00e9ducation dans l\u2019\u00e9valuation de la r\u00e9ussite \u00e9ducative.<\/li>\n<li>recherche <strong>juridique<\/strong> : \u00e9tude des aspects juridiques, <strong>r\u00e9glementaires<\/strong> et <strong>\u00e9thiques<\/strong> dans la contexte de la collecte de <strong> donn\u00e9es personnelles<\/strong>. Ce travail aboutira notamment \u00e0 la d\u00e9finition d\u2019une charte et d&rsquo;un label \u00e9thiques, ainsi qu&rsquo;\u00e0 la mise en place d\u2019un comit\u00e9 \u00e9thique.<\/li>\n<li><strong>Ing\u00e9nierie<\/strong> : r\u00e9alisation de <strong>prototypes robustes<\/strong> et performants pour une preuve de concepts en situation r\u00e9elle des outils propos\u00e9s<\/li>\n<li><strong>\u00c9valuation<\/strong> : r\u00e9alisation d&rsquo;une \u00e9valuation comparative (qualitative et quantitative) de l&rsquo;<strong>impact de dispositifs<\/strong> innovants en situation r\u00e9elle.<\/li>\n<\/ul>\n<\/ul>\n<p><img loading=\"lazy\" decoding=\"async\" class=\"alignleft wp-image-2574\" src=\"https:\/\/metal.loria.fr\/files\/2017\/03\/exercise_grammaire-2-300x197.png\" alt=\"\" width=\"400\" height=\"262\" srcset=\"https:\/\/metal.loria.fr\/files\/2017\/03\/exercise_grammaire-2-300x197.png 300w, https:\/\/metal.loria.fr\/files\/2017\/03\/exercise_grammaire-2-768x503.png 768w, https:\/\/metal.loria.fr\/files\/2017\/03\/exercise_grammaire-2-150x98.png 150w, https:\/\/metal.loria.fr\/files\/2017\/03\/exercise_grammaire-2.png 792w\" sizes=\"auto, (max-width: 400px) 100vw, 400px\" \/><\/p>\n<ul>\n<li><strong>Formation<\/strong> : les acteurs \u00e9ducatifs seront form\u00e9s \u00e0 l&rsquo;<strong>usage des dispositifs<\/strong> innovants avant l&rsquo;exp\u00e9rimentation<\/li>\n<li><strong>Conseil<\/strong> : des <strong>recommandations<\/strong> et une m\u00e9thodologie pour une mise en place \u00e9thique et responsable d\u2019un <strong>plan de collecte<\/strong> des donn\u00e9es et de Learning Analytics dans un \u00e9tablissement scolaire.<\/li>\n<\/ul>\n","protected":false},"excerpt":{"rendered":"<p>Les r\u00e9sultats attendus de METAL sont multiples : un tableau de bord destin\u00e9 aux enseignants afin de leur permettre un suivi individualis\u00e9 des \u00e9l\u00e8ves au cours du temps et la gestion p\u00e9dagogique de leur classe un barom\u00e8tre \u00e9ducatif destin\u00e9 \u00e0 chaque \u00e9l\u00e8ve, syst\u00e8me d\u2019autopositionnement et de stimulation de la motivation\u2026<\/p>\n<p> <a class=\"continue-reading-link\" href=\"https:\/\/metal.loria.fr\/fr\/resultats\/\"><span>En savoir +<\/span><i class=\"crycon-right-dir\"><\/i><\/a> <\/p>\n","protected":false},"author":1990,"featured_media":0,"parent":0,"menu_order":0,"comment_status":"closed","ping_status":"closed","template":"","meta":{"footnotes":""},"class_list":["post-2167","page","type-page","status-publish","hentry"],"_links":{"self":[{"href":"https:\/\/metal.loria.fr\/fr\/wp-json\/wp\/v2\/pages\/2167","targetHints":{"allow":["GET"]}}],"collection":[{"href":"https:\/\/metal.loria.fr\/fr\/wp-json\/wp\/v2\/pages"}],"about":[{"href":"https:\/\/metal.loria.fr\/fr\/wp-json\/wp\/v2\/types\/page"}],"author":[{"embeddable":true,"href":"https:\/\/metal.loria.fr\/fr\/wp-json\/wp\/v2\/users\/1990"}],"replies":[{"embeddable":true,"href":"https:\/\/metal.loria.fr\/fr\/wp-json\/wp\/v2\/comments?post=2167"}],"version-history":[{"count":0,"href":"https:\/\/metal.loria.fr\/fr\/wp-json\/wp\/v2\/pages\/2167\/revisions"}],"wp:attachment":[{"href":"https:\/\/metal.loria.fr\/fr\/wp-json\/wp\/v2\/media?parent=2167"}],"curies":[{"name":"wp","href":"https:\/\/api.w.org\/{rel}","templated":true}]}}