

{"id":2169,"date":"2017-03-13T10:24:34","date_gmt":"2017-03-13T10:24:34","guid":{"rendered":"http:\/\/http\/\/metal.loria.fr\/?page_id=2169"},"modified":"2017-03-13T10:24:34","modified_gmt":"2017-03-13T10:24:34","slug":"methodologie","status":"publish","type":"page","link":"https:\/\/metal.loria.fr\/fr\/methodologie\/","title":{"rendered":"M\u00e9thodologie"},"content":{"rendered":"<p>La m\u00e9thodologie utilis\u00e9e pour ce projet est bas\u00e9e sur une <strong>collaboration<\/strong> entre <strong>chercheurs<\/strong> et <strong>acteurs \u00e9ducatifs<\/strong> de l\u2019acad\u00e9mie de Lorraine et se r\u00e9partit en <strong>trois phases<\/strong> :<\/p>\n<ol>\n<li><strong>d\u00e9finition de besoins<\/strong>: Les chercheurs impliqu\u00e9s et un petit groupe d&rsquo;acteurs \u00e9ducatifs travailleront \u00e0 l&rsquo;expression et au recueil des besoins.<\/li>\n<li><strong>construction<\/strong> de <strong>mod\u00e8les<\/strong> et prototypes : Les chercheurs imagineront des approches innovantes et de nouveaux mod\u00e8les pour r\u00e9pondre aux attentes formul\u00e9es.<\/li>\n<li><strong>\u00e9valuation<\/strong> : concernera l&rsquo;\u00e9valuation des outils d\u00e9velopp\u00e9s sur un panel large d&rsquo;enseignants et d&rsquo;\u00e9l\u00e8ves des coll\u00e8ges participants<\/li>\n<\/ol>\n<p>&nbsp;<\/p>\n<p>Une \u00e9tude de l&rsquo;impact des outils sera r\u00e9alis\u00e9e sur les coll\u00e8ges et les lyc\u00e9es professionnels. Un sous-ensemble des classes participant \u00e0 l&rsquo;\u00e9valuation sera \u00e9quip\u00e9e des outils, et l&rsquo;autre sera le groupe t\u00e9moin dans le cadre d&rsquo;une \u00e9tude comparative (\u00e0 la fois quantitative et qualitative). Tous les acteurs seront pr\u00e9alablement form\u00e9s \u00e0 un usage de ces outils en classe. La Lorraine \u00e9tant une r\u00e9gion frontali\u00e8re, une attention particuli\u00e8re sera accord\u00e9e \u00e0 l&rsquo;apprentissage de l&rsquo;allemand, avec la participation de coll\u00e8ges frontaliers.<\/p>\n","protected":false},"excerpt":{"rendered":"<p>La m\u00e9thodologie utilis\u00e9e pour ce projet est bas\u00e9e sur une collaboration entre chercheurs et acteurs \u00e9ducatifs de l\u2019acad\u00e9mie de Lorraine et se r\u00e9partit en trois phases : d\u00e9finition de besoins: Les chercheurs impliqu\u00e9s et un petit groupe d&rsquo;acteurs \u00e9ducatifs travailleront \u00e0 l&rsquo;expression et au recueil des besoins. construction de mod\u00e8les\u2026<\/p>\n<p> <a class=\"continue-reading-link\" href=\"https:\/\/metal.loria.fr\/fr\/methodologie\/\"><span>En savoir +<\/span><i class=\"crycon-right-dir\"><\/i><\/a> <\/p>\n","protected":false},"author":1990,"featured_media":0,"parent":0,"menu_order":0,"comment_status":"closed","ping_status":"closed","template":"","meta":{"footnotes":""},"class_list":["post-2169","page","type-page","status-publish","hentry"],"_links":{"self":[{"href":"https:\/\/metal.loria.fr\/fr\/wp-json\/wp\/v2\/pages\/2169","targetHints":{"allow":["GET"]}}],"collection":[{"href":"https:\/\/metal.loria.fr\/fr\/wp-json\/wp\/v2\/pages"}],"about":[{"href":"https:\/\/metal.loria.fr\/fr\/wp-json\/wp\/v2\/types\/page"}],"author":[{"embeddable":true,"href":"https:\/\/metal.loria.fr\/fr\/wp-json\/wp\/v2\/users\/1990"}],"replies":[{"embeddable":true,"href":"https:\/\/metal.loria.fr\/fr\/wp-json\/wp\/v2\/comments?post=2169"}],"version-history":[{"count":0,"href":"https:\/\/metal.loria.fr\/fr\/wp-json\/wp\/v2\/pages\/2169\/revisions"}],"wp:attachment":[{"href":"https:\/\/metal.loria.fr\/fr\/wp-json\/wp\/v2\/media?parent=2169"}],"curies":[{"name":"wp","href":"https:\/\/api.w.org\/{rel}","templated":true}]}}