

{"id":4,"date":"2011-12-08T11:55:34","date_gmt":"2011-12-08T11:55:34","guid":{"rendered":"http:\/\/project.inria.fr\/template1\/?page_id=4"},"modified":"2023-03-16T14:39:46","modified_gmt":"2023-03-16T13:39:46","slug":"home","status":"publish","type":"page","link":"https:\/\/metal.loria.fr\/fr\/","title":{"rendered":"Pr\u00e9sentation du projet METAL"},"content":{"rendered":"<style type=\"text\/css\">\n#foogallery-gallery-2851 .fg-image { width: 1900px; }<\/style>\n\t\t\t<div class=\"foogallery foogallery-container foogallery-carousel foogallery-lightbox-foobox fg-carousel-hide-pagination fg-carousel fg-ready fg-light fg-border-thin fg-shadow-outline fg-loading-default fg-loaded-fade-in fg-caption-always fg-hover-slide-left fg-c-l\" id=\"foogallery-gallery-2851\" data-foogallery=\"{&quot;item&quot;:{&quot;showCaptionTitle&quot;:true,&quot;showCaptionDescription&quot;:true},&quot;lazy&quot;:true,&quot;template&quot;:{&quot;maxItems&quot;:5,&quot;scale&quot;:0.12,&quot;gutter&quot;:{&quot;min&quot;:-40,&quot;max&quot;:-20,&quot;unit&quot;:&quot;%&quot;},&quot;autoplay&quot;:{&quot;time&quot;:0,&quot;interaction&quot;:&quot;pause&quot;},&quot;centerOnClick&quot;:false}}\" >\n\t<button type=\"button\" class=\"fg-carousel-prev\"><\/button>\n\t<div class=\"fg-carousel-inner\">\n\t\t<div class=\"fg-carousel-center\"><\/div>\n\t\t<div class=\"fg-item fg-type-image fg-idle\"><figure class=\"fg-item-inner\"><a href=\"https:\/\/metal.loria.fr\/files\/2017\/03\/metal_team.png\" data-caption-title=\"Equipe M\u00e9tal\" data-caption-desc=\"Equipe M\u00e9tal\" data-attachment-id=\"2171\" data-type=\"image\" class=\"fg-thumb\"><span class=\"fg-image-wrap\"><img fetchpriority=\"high\" decoding=\"async\" title=\"Equipe M\u00e9tal\" width=\"1900\" height=\"400\" class=\"skip-lazy fg-image\" data-src-fg=\"https:\/\/metal.loria.fr\/files\/2017\/03\/metal_team.png\" src=\"data:image\/svg+xml,%3Csvg%20xmlns%3D%22http%3A%2F%2Fwww.w3.org%2F2000%2Fsvg%22%20width%3D%221900%22%20height%3D%22400%22%20viewBox%3D%220%200%201900%20400%22%3E%3C%2Fsvg%3E\" loading=\"eager\"><\/span><span class=\"fg-image-overlay\"><\/span><\/a><figcaption class=\"fg-caption\"><div class=\"fg-caption-inner\"><div class=\"fg-caption-title\">Equipe M\u00e9tal<\/div><div class=\"fg-caption-desc\">Equipe M\u00e9tal<\/div><\/div><\/figcaption><\/figure><div class=\"fg-loader\"><\/div><\/div><div class=\"fg-item fg-type-image fg-idle\"><figure class=\"fg-item-inner\"><a href=\"https:\/\/metal.loria.fr\/files\/2017\/04\/metal_motscles_slider-copie.jpg\" data-attachment-id=\"2401\" data-type=\"image\" class=\"fg-thumb\"><span class=\"fg-image-wrap\"><img decoding=\"async\" width=\"1900\" height=\"400\" class=\"skip-lazy fg-image\" data-src-fg=\"https:\/\/metal.loria.fr\/files\/cache\/2017\/04\/metal_motscles_slider-copie\/143115597.jpg\" src=\"data:image\/svg+xml,%3Csvg%20xmlns%3D%22http%3A%2F%2Fwww.w3.org%2F2000%2Fsvg%22%20width%3D%221900%22%20height%3D%22400%22%20viewBox%3D%220%200%201900%20400%22%3E%3C%2Fsvg%3E\" loading=\"eager\"><\/span><span class=\"fg-image-overlay\"><\/span><\/a><\/figure><div class=\"fg-loader\"><\/div><\/div><div class=\"fg-item fg-type-image fg-idle\"><figure class=\"fg-item-inner\"><a href=\"https:\/\/metal.loria.fr\/files\/2017\/04\/metal_ministre_slider-copie.jpg\" data-caption-title=\"Pr\u00e9sentation du projet \u00e0 la Ministre de l&#039;Education et de l&#039;Enseignement Sup\u00e9rieur et de la REcherche\" data-caption-desc=\"Pr\u00e9sentation du projet \u00e0 la Ministre de l&#039;Education et de l&#039;Enseignement Sup\u00e9rieur et de la REcherche\" data-attachment-id=\"2398\" data-type=\"image\" class=\"fg-thumb\"><span class=\"fg-image-wrap\"><img decoding=\"async\" title=\"Pr\u00e9sentation du projet \u00e0 la Ministre de l&#039;Education et de l&#039;Enseignement Sup\u00e9rieur et de la REcherche\" width=\"1900\" height=\"400\" class=\"skip-lazy fg-image\" data-src-fg=\"https:\/\/metal.loria.fr\/files\/cache\/2017\/04\/metal_ministre_slider-copie\/2309611886.jpg\" src=\"data:image\/svg+xml,%3Csvg%20xmlns%3D%22http%3A%2F%2Fwww.w3.org%2F2000%2Fsvg%22%20width%3D%221900%22%20height%3D%22400%22%20viewBox%3D%220%200%201900%20400%22%3E%3C%2Fsvg%3E\" loading=\"eager\"><\/span><span class=\"fg-image-overlay\"><\/span><\/a><figcaption class=\"fg-caption\"><div class=\"fg-caption-inner\"><div class=\"fg-caption-title\">Pr\u00e9sentation du projet \u00e0 la Ministre de l'Education et de l'Enseignement Sup\u00e9rieur et de la REcherche<\/div><div class=\"fg-caption-desc\">Pr\u00e9sentation du projet \u00e0 la Ministre de l'Education et de l'Enseignement Sup\u00e9rieur et de la REcherche<\/div><\/div><\/figcaption><\/figure><div class=\"fg-loader\"><\/div><\/div><div class=\"fg-item fg-type-image fg-idle\"><figure class=\"fg-item-inner\"><a href=\"https:\/\/metal.loria.fr\/files\/2017\/04\/metal_pictos_slider-copie.jpg\" data-caption-title=\"M\u00e9tal : Mod\u00e8les et Traces au service de l&#039;Apprentissage des langues\" data-caption-desc=\"M\u00e9tal : Mod\u00e8les et Traces au service de l&#039;Apprentissage des langues\" data-attachment-id=\"2397\" data-type=\"image\" class=\"fg-thumb\"><span class=\"fg-image-wrap\"><img decoding=\"async\" title=\"M\u00e9tal : Mod\u00e8les et Traces au service de l&#039;Apprentissage des langues\" width=\"1900\" height=\"400\" class=\"skip-lazy fg-image\" data-src-fg=\"https:\/\/metal.loria.fr\/files\/cache\/2017\/04\/metal_pictos_slider-copie\/2890267795.jpg\" src=\"data:image\/svg+xml,%3Csvg%20xmlns%3D%22http%3A%2F%2Fwww.w3.org%2F2000%2Fsvg%22%20width%3D%221900%22%20height%3D%22400%22%20viewBox%3D%220%200%201900%20400%22%3E%3C%2Fsvg%3E\" loading=\"eager\"><\/span><span class=\"fg-image-overlay\"><\/span><\/a><figcaption class=\"fg-caption\"><div class=\"fg-caption-inner\"><div class=\"fg-caption-title\">M\u00e9tal : Mod\u00e8les et Traces au service de l'Apprentissage des langues<\/div><div class=\"fg-caption-desc\">M\u00e9tal : Mod\u00e8les et Traces au service de l'Apprentissage des langues<\/div><\/div><\/figcaption><\/figure><div class=\"fg-loader\"><\/div><\/div>\t<\/div>\n\t<div class=\"fg-carousel-bottom\"><\/div>\n\t<div class=\"fg-carousel-progress\"><\/div>\n\t<button type=\"button\" class=\"fg-carousel-next\"><\/button>\n<\/div>\n\n\n<p><\/p>\n<p>Le projet METAL se propose de concevoir, d\u00e9velopper et \u00e9valuer un ensemble d\u2019outils de suivi individualis\u00e9 destin\u00e9s aux \u00e9l\u00e8ves ou aux enseignants (Learning Analytics), et des technologies innovantes pour un apprentissage personnalis\u00e9 des langues \u00e0 l\u2019\u00e9crit (grammaire fran\u00e7aise) et \u00e0 l\u2019oral (prononciation de langues vivantes). Il participe ainsi \u00e0 l\u2019am\u00e9lioration de la qualit\u00e9 de l\u2019apprentissage et au d\u00e9veloppement de la ma\u00eetrise des langues par les \u00e9l\u00e8ves.<\/p>\n<p><\/p>\n<p>Partenaires&nbsp;:<\/p>\n<ul>\n<li>Acad\u00e9mie de Nancy-Metz<\/li>\n<li>6 \u00e9tablissements scolaires<\/li>\n<li>4 laboratoires de recherche&nbsp;: LISEC, LORIA, INTERPSY, D@nte<\/li>\n<li>2 universit\u00e9s&nbsp;: Lorraine, Versailles Saint-Quentin-en-Yvelines<\/li>\n<li>4 collectivit\u00e9s territoriales&nbsp;: Conseil R\u00e9gional Grand Est, Conseil D\u00e9partemental 54, Conseil D\u00e9partemental 55, Conseil D\u00e9partemental 57.<\/li>\n<li>Esp\u00e9 de Lorraine<\/li>\n<li>2 entreprises&nbsp;: Sailendra, ITOP \u00e9ducation<\/li>\n<\/ul>\n\n<style type=\"text\/css\">\n#foogallery-gallery-2747.fg-justified .fg-item { margin-right: 10px; margin-bottom: 10px; }\n#foogallery-gallery-2747.fg-justified .fg-image { height: 30px; }<\/style>\n\t\t\t<div class=\"foogallery foogallery-container foogallery-justified foogallery-lightbox-none fg-justified fg-ready fg-light fg-loading-default\" id=\"foogallery-gallery-2747\" data-foogallery=\"{&quot;item&quot;:{&quot;showCaptionTitle&quot;:true,&quot;showCaptionDescription&quot;:false},&quot;lazy&quot;:true,&quot;template&quot;:{&quot;rowHeight&quot;:30,&quot;maxRowHeight&quot;:40,&quot;margins&quot;:10,&quot;align&quot;:&quot;left&quot;,&quot;lastRow&quot;:&quot;hide&quot;}}\" >\n\t<div class=\"fg-item fg-type-image fg-idle\"><figure class=\"fg-item-inner\"><a href=\"https:\/\/metal.loria.fr\/files\/2017\/03\/logo_loria_abrege.jpg\" data-attachment-id=\"2257\" data-type=\"image\" class=\"fg-thumb\"><span class=\"fg-image-wrap\"><img decoding=\"async\" height=\"40\" width=\"44\" class=\"skip-lazy fg-image\" data-src-fg=\"https:\/\/metal.loria.fr\/files\/cache\/2017\/03\/logo_loria_abrege\/416782904.jpg\" src=\"data:image\/svg+xml,%3Csvg%20xmlns%3D%22http%3A%2F%2Fwww.w3.org%2F2000%2Fsvg%22%20width%3D%2244%22%20height%3D%2240%22%20viewBox%3D%220%200%2044%2040%22%3E%3C%2Fsvg%3E\" loading=\"eager\"><\/span><span class=\"fg-image-overlay\"><\/span><\/a><\/figure><div class=\"fg-loader\"><\/div><\/div><div class=\"fg-item fg-type-image fg-idle\"><figure class=\"fg-item-inner\"><a href=\"https:\/\/metal.loria.fr\/files\/2017\/03\/logointerpsy.png\" data-attachment-id=\"2258\" data-type=\"image\" class=\"fg-thumb\"><span class=\"fg-image-wrap\"><img decoding=\"async\" height=\"40\" width=\"107\" class=\"skip-lazy fg-image\" data-src-fg=\"https:\/\/metal.loria.fr\/files\/cache\/2017\/03\/logointerpsy\/959338812.png\" src=\"data:image\/svg+xml,%3Csvg%20xmlns%3D%22http%3A%2F%2Fwww.w3.org%2F2000%2Fsvg%22%20width%3D%22107%22%20height%3D%2240%22%20viewBox%3D%220%200%20107%2040%22%3E%3C%2Fsvg%3E\" loading=\"eager\"><\/span><span class=\"fg-image-overlay\"><\/span><\/a><\/figure><div class=\"fg-loader\"><\/div><\/div><div class=\"fg-item fg-type-image fg-idle\"><figure class=\"fg-item-inner\"><a href=\"https:\/\/metal.loria.fr\/files\/2017\/03\/GE_RVB-scaled.jpg\" data-attachment-id=\"2275\" data-type=\"image\" class=\"fg-thumb\"><span class=\"fg-image-wrap\"><img decoding=\"async\" height=\"40\" width=\"103\" class=\"skip-lazy fg-image\" data-src-fg=\"https:\/\/metal.loria.fr\/files\/cache\/2017\/03\/GE_RVB-scaled\/1416666548.jpg\" src=\"data:image\/svg+xml,%3Csvg%20xmlns%3D%22http%3A%2F%2Fwww.w3.org%2F2000%2Fsvg%22%20width%3D%22103%22%20height%3D%2240%22%20viewBox%3D%220%200%20103%2040%22%3E%3C%2Fsvg%3E\" loading=\"eager\"><\/span><span class=\"fg-image-overlay\"><\/span><\/a><\/figure><div class=\"fg-loader\"><\/div><\/div><div class=\"fg-item fg-type-image fg-idle\"><figure class=\"fg-item-inner\"><a href=\"https:\/\/metal.loria.fr\/files\/2017\/03\/Vertical-couleur-RVB.png\" data-attachment-id=\"2276\" data-type=\"image\" class=\"fg-thumb\"><span class=\"fg-image-wrap\"><img decoding=\"async\" height=\"40\" width=\"33\" class=\"skip-lazy fg-image\" data-src-fg=\"https:\/\/metal.loria.fr\/files\/cache\/2017\/03\/Vertical-couleur-RVB\/768622009.png\" src=\"data:image\/svg+xml,%3Csvg%20xmlns%3D%22http%3A%2F%2Fwww.w3.org%2F2000%2Fsvg%22%20width%3D%2233%22%20height%3D%2240%22%20viewBox%3D%220%200%2033%2040%22%3E%3C%2Fsvg%3E\" loading=\"eager\"><\/span><span class=\"fg-image-overlay\"><\/span><\/a><\/figure><div class=\"fg-loader\"><\/div><\/div><div class=\"fg-item fg-type-image fg-idle\"><figure class=\"fg-item-inner\"><a href=\"https:\/\/metal.loria.fr\/files\/2017\/03\/CG55-Meuse-logo-2015.png\" data-attachment-id=\"2277\" data-type=\"image\" class=\"fg-thumb\"><span class=\"fg-image-wrap\"><img decoding=\"async\" height=\"40\" width=\"28\" class=\"skip-lazy fg-image\" data-src-fg=\"https:\/\/metal.loria.fr\/files\/cache\/2017\/03\/CG55-Meuse-logo-2015\/250354185.png\" src=\"data:image\/svg+xml,%3Csvg%20xmlns%3D%22http%3A%2F%2Fwww.w3.org%2F2000%2Fsvg%22%20width%3D%2228%22%20height%3D%2240%22%20viewBox%3D%220%200%2028%2040%22%3E%3C%2Fsvg%3E\" loading=\"eager\"><\/span><span class=\"fg-image-overlay\"><\/span><\/a><\/figure><div class=\"fg-loader\"><\/div><\/div><div class=\"fg-item fg-type-image fg-idle\"><figure class=\"fg-item-inner\"><a href=\"https:\/\/metal.loria.fr\/files\/2017\/03\/universite-versailles.jpg\" data-attachment-id=\"2474\" data-type=\"image\" class=\"fg-thumb\"><span class=\"fg-image-wrap\"><img decoding=\"async\" height=\"40\" width=\"40\" class=\"skip-lazy fg-image\" data-src-fg=\"https:\/\/metal.loria.fr\/files\/cache\/2017\/03\/universite-versailles\/2005921638.jpg\" src=\"data:image\/svg+xml,%3Csvg%20xmlns%3D%22http%3A%2F%2Fwww.w3.org%2F2000%2Fsvg%22%20width%3D%2240%22%20height%3D%2240%22%20viewBox%3D%220%200%2040%2040%22%3E%3C%2Fsvg%3E\" loading=\"eager\"><\/span><span class=\"fg-image-overlay\"><\/span><\/a><\/figure><div class=\"fg-loader\"><\/div><\/div><div class=\"fg-item fg-type-image fg-idle\"><figure class=\"fg-item-inner\"><a href=\"https:\/\/metal.loria.fr\/files\/2017\/03\/e-fran.jpg\" data-attachment-id=\"2282\" data-type=\"image\" class=\"fg-thumb\"><span class=\"fg-image-wrap\"><img decoding=\"async\" height=\"40\" width=\"120\" class=\"skip-lazy fg-image\" data-src-fg=\"https:\/\/metal.loria.fr\/files\/cache\/2017\/03\/e-fran\/2306811454.jpg\" src=\"data:image\/svg+xml,%3Csvg%20xmlns%3D%22http%3A%2F%2Fwww.w3.org%2F2000%2Fsvg%22%20width%3D%22120%22%20height%3D%2240%22%20viewBox%3D%220%200%20120%2040%22%3E%3C%2Fsvg%3E\" loading=\"eager\"><\/span><span class=\"fg-image-overlay\"><\/span><\/a><\/figure><div class=\"fg-loader\"><\/div><\/div><div class=\"fg-item fg-type-image fg-idle\"><figure class=\"fg-item-inner\"><a href=\"https:\/\/metal.loria.fr\/files\/2017\/03\/menesr.jpg\" data-attachment-id=\"2283\" data-type=\"image\" class=\"fg-thumb\"><span class=\"fg-image-wrap\"><img decoding=\"async\" height=\"40\" width=\"27\" class=\"skip-lazy fg-image\" data-src-fg=\"https:\/\/metal.loria.fr\/files\/cache\/2017\/03\/menesr\/3797885501.jpg\" src=\"data:image\/svg+xml,%3Csvg%20xmlns%3D%22http%3A%2F%2Fwww.w3.org%2F2000%2Fsvg%22%20width%3D%2227%22%20height%3D%2240%22%20viewBox%3D%220%200%2027%2040%22%3E%3C%2Fsvg%3E\" loading=\"eager\"><\/span><span class=\"fg-image-overlay\"><\/span><\/a><\/figure><div class=\"fg-loader\"><\/div><\/div><div class=\"fg-item fg-type-image fg-idle\"><figure class=\"fg-item-inner\"><a href=\"https:\/\/metal.loria.fr\/files\/2017\/03\/Investissements-dAvenir-Logo.jpeg\" data-attachment-id=\"2281\" data-type=\"image\" class=\"fg-thumb\"><span class=\"fg-image-wrap\"><img decoding=\"async\" height=\"40\" width=\"40\" class=\"skip-lazy fg-image\" data-src-fg=\"https:\/\/metal.loria.fr\/files\/cache\/2017\/03\/Investissements-dAvenir-Logo\/1682084303.jpeg\" src=\"data:image\/svg+xml,%3Csvg%20xmlns%3D%22http%3A%2F%2Fwww.w3.org%2F2000%2Fsvg%22%20width%3D%2240%22%20height%3D%2240%22%20viewBox%3D%220%200%2040%2040%22%3E%3C%2Fsvg%3E\" loading=\"eager\"><\/span><span class=\"fg-image-overlay\"><\/span><\/a><\/figure><div class=\"fg-loader\"><\/div><\/div><div class=\"fg-item fg-type-image fg-idle\"><figure class=\"fg-item-inner\"><a href=\"https:\/\/metal.loria.fr\/files\/2017\/03\/dante-png.png\" data-attachment-id=\"2262\" data-type=\"image\" class=\"fg-thumb\"><span class=\"fg-image-wrap\"><img decoding=\"async\" height=\"40\" width=\"87\" class=\"skip-lazy fg-image\" data-src-fg=\"https:\/\/metal.loria.fr\/files\/cache\/2017\/03\/dante-png\/1715850669.png\" src=\"data:image\/svg+xml,%3Csvg%20xmlns%3D%22http%3A%2F%2Fwww.w3.org%2F2000%2Fsvg%22%20width%3D%2287%22%20height%3D%2240%22%20viewBox%3D%220%200%2087%2040%22%3E%3C%2Fsvg%3E\" loading=\"eager\"><\/span><span class=\"fg-image-overlay\"><\/span><\/a><\/figure><div class=\"fg-loader\"><\/div><\/div><div class=\"fg-item fg-type-image fg-idle\"><figure class=\"fg-item-inner\"><a href=\"https:\/\/metal.loria.fr\/files\/2017\/03\/Universite_de_Lorraine_-_logo.jpg\" data-attachment-id=\"2473\" data-type=\"image\" class=\"fg-thumb\"><span class=\"fg-image-wrap\"><img decoding=\"async\" height=\"40\" width=\"90\" class=\"skip-lazy fg-image\" data-src-fg=\"https:\/\/metal.loria.fr\/files\/cache\/2017\/03\/Universite_de_Lorraine_-_logo\/3116001127.jpg\" src=\"data:image\/svg+xml,%3Csvg%20xmlns%3D%22http%3A%2F%2Fwww.w3.org%2F2000%2Fsvg%22%20width%3D%2290%22%20height%3D%2240%22%20viewBox%3D%220%200%2090%2040%22%3E%3C%2Fsvg%3E\" loading=\"eager\"><\/span><span class=\"fg-image-overlay\"><\/span><\/a><\/figure><div class=\"fg-loader\"><\/div><\/div><div class=\"fg-item fg-type-image fg-idle\"><figure class=\"fg-item-inner\"><a href=\"https:\/\/metal.loria.fr\/files\/2017\/03\/logo_itop_educ.png\" data-attachment-id=\"2271\" data-type=\"image\" class=\"fg-thumb\"><span class=\"fg-image-wrap\"><img decoding=\"async\" height=\"40\" width=\"165\" class=\"skip-lazy fg-image\" data-src-fg=\"https:\/\/metal.loria.fr\/files\/cache\/2017\/03\/logo_itop_educ\/3123598760.png\" src=\"data:image\/svg+xml,%3Csvg%20xmlns%3D%22http%3A%2F%2Fwww.w3.org%2F2000%2Fsvg%22%20width%3D%22165%22%20height%3D%2240%22%20viewBox%3D%220%200%20165%2040%22%3E%3C%2Fsvg%3E\" loading=\"eager\"><\/span><span class=\"fg-image-overlay\"><\/span><\/a><\/figure><div class=\"fg-loader\"><\/div><\/div><div class=\"fg-item fg-type-image fg-idle\"><figure class=\"fg-item-inner\"><a href=\"https:\/\/metal.loria.fr\/files\/2017\/03\/logo_sailendra2.png\" data-attachment-id=\"2270\" data-type=\"image\" class=\"fg-thumb\"><span class=\"fg-image-wrap\"><img decoding=\"async\" height=\"40\" width=\"153\" class=\"skip-lazy fg-image\" data-src-fg=\"https:\/\/metal.loria.fr\/files\/cache\/2017\/03\/logo_sailendra2\/2118958473.png\" src=\"data:image\/svg+xml,%3Csvg%20xmlns%3D%22http%3A%2F%2Fwww.w3.org%2F2000%2Fsvg%22%20width%3D%22153%22%20height%3D%2240%22%20viewBox%3D%220%200%20153%2040%22%3E%3C%2Fsvg%3E\" loading=\"eager\"><\/span><span class=\"fg-image-overlay\"><\/span><\/a><\/figure><div class=\"fg-loader\"><\/div><\/div><div class=\"fg-item fg-type-image fg-idle\"><figure class=\"fg-item-inner\"><a href=\"https:\/\/metal.loria.fr\/files\/2017\/03\/Moselle_57_logo_2015.svg_.png\" data-attachment-id=\"2278\" data-type=\"image\" class=\"fg-thumb\"><span class=\"fg-image-wrap\"><img decoding=\"async\" height=\"40\" width=\"61\" class=\"skip-lazy fg-image\" data-src-fg=\"https:\/\/metal.loria.fr\/files\/cache\/2017\/03\/Moselle_57_logo_2015_svg_\/1147429665.png\" src=\"data:image\/svg+xml,%3Csvg%20xmlns%3D%22http%3A%2F%2Fwww.w3.org%2F2000%2Fsvg%22%20width%3D%2261%22%20height%3D%2240%22%20viewBox%3D%220%200%2061%2040%22%3E%3C%2Fsvg%3E\" loading=\"eager\"><\/span><span class=\"fg-image-overlay\"><\/span><\/a><\/figure><div class=\"fg-loader\"><\/div><\/div><div class=\"fg-item fg-type-image fg-idle\"><figure class=\"fg-item-inner\"><a href=\"https:\/\/metal.loria.fr\/files\/2019\/04\/logo_academie_nancy_metz.png\" data-attachment-id=\"2718\" data-type=\"image\" class=\"fg-thumb\"><span class=\"fg-image-wrap\"><img decoding=\"async\" height=\"40\" width=\"80\" class=\"skip-lazy fg-image\" data-src-fg=\"https:\/\/metal.loria.fr\/files\/cache\/2019\/04\/logo_academie_nancy_metz\/3824156266.png\" src=\"data:image\/svg+xml,%3Csvg%20xmlns%3D%22http%3A%2F%2Fwww.w3.org%2F2000%2Fsvg%22%20width%3D%2280%22%20height%3D%2240%22%20viewBox%3D%220%200%2080%2040%22%3E%3C%2Fsvg%3E\" loading=\"eager\"><\/span><span class=\"fg-image-overlay\"><\/span><\/a><\/figure><div class=\"fg-loader\"><\/div><\/div><\/div>\n\n","protected":false},"excerpt":{"rendered":"<p>Le projet METAL se propose de concevoir, d\u00e9velopper et \u00e9valuer un ensemble d\u2019outils de suivi individualis\u00e9 destin\u00e9s aux \u00e9l\u00e8ves ou aux enseignants (Learning Analytics), et des technologies innovantes pour un apprentissage personnalis\u00e9 des langues \u00e0 l\u2019\u00e9crit (grammaire fran\u00e7aise) et \u00e0 l\u2019oral (prononciation de langues vivantes). Il participe ainsi \u00e0 l\u2019am\u00e9lioration\u2026<\/p>\n<p> <a class=\"continue-reading-link\" href=\"https:\/\/metal.loria.fr\/fr\/\"><span>En savoir +<\/span><i class=\"crycon-right-dir\"><\/i><\/a> <\/p>\n","protected":false},"author":1,"featured_media":0,"parent":0,"menu_order":0,"comment_status":"closed","ping_status":"open","template":"","meta":{"footnotes":""},"class_list":["post-4","page","type-page","status-publish","hentry"],"_links":{"self":[{"href":"https:\/\/metal.loria.fr\/fr\/wp-json\/wp\/v2\/pages\/4","targetHints":{"allow":["GET"]}}],"collection":[{"href":"https:\/\/metal.loria.fr\/fr\/wp-json\/wp\/v2\/pages"}],"about":[{"href":"https:\/\/metal.loria.fr\/fr\/wp-json\/wp\/v2\/types\/page"}],"author":[{"embeddable":true,"href":"https:\/\/metal.loria.fr\/fr\/wp-json\/wp\/v2\/users\/1"}],"replies":[{"embeddable":true,"href":"https:\/\/metal.loria.fr\/fr\/wp-json\/wp\/v2\/comments?post=4"}],"version-history":[{"count":11,"href":"https:\/\/metal.loria.fr\/fr\/wp-json\/wp\/v2\/pages\/4\/revisions"}],"predecessor-version":[{"id":2855,"href":"https:\/\/metal.loria.fr\/fr\/wp-json\/wp\/v2\/pages\/4\/revisions\/2855"}],"wp:attachment":[{"href":"https:\/\/metal.loria.fr\/fr\/wp-json\/wp\/v2\/media?parent=4"}],"curies":[{"name":"wp","href":"https:\/\/api.w.org\/{rel}","templated":true}]}}