

{"id":81,"date":"2017-03-09T10:59:53","date_gmt":"2017-03-09T10:59:53","guid":{"rendered":"http:\/\/http\/\/metal.loria.fr\/?page_id=81"},"modified":"2017-03-09T10:59:53","modified_gmt":"2017-03-09T10:59:53","slug":"le-projet","status":"publish","type":"page","link":"https:\/\/metal.loria.fr\/fr\/le-projet\/","title":{"rendered":"Projet"},"content":{"rendered":"<p>Le projet <strong>METAL<\/strong> vise \u00e0 concevoir, d\u00e9velopper et \u00e9valuer un ensemble d&rsquo;<strong>outils de suivi<\/strong> individualis\u00e9 <strong>destin\u00e9s<\/strong> aux <strong>\u00e9l\u00e8ves<\/strong> ou aux <strong>enseignants<\/strong> (Learning Analytics), et des <strong>technologies<\/strong> innovantes pour un <strong>apprentissage<\/strong> personnalis\u00e9 des <strong>langues<\/strong> \u00e0 l&rsquo;\u00e9crit (grammaire fran\u00e7aise) et \u00e0 l&rsquo;oral (prononciation de langues vivantes).<\/p>\n<p>&nbsp;<\/p>\n<p>Ce projet allie \u00e0 la fois :<\/p>\n<ul>\n<li>une composante de <strong>recherche<\/strong> fondamentale sur des aspects comme la <strong>fouille de donn\u00e9es<\/strong> humaines en contexte<strong> Big Data<\/strong> et les <strong>Learning Analytics<\/strong>, le <strong>traitement automatique des langues<\/strong>, la<strong> production de parole<\/strong> par une t\u00eate parlante, le <strong>droit<\/strong> dans le domaine sensible que constituent les <strong>donn\u00e9es personnelles<\/strong> pour des mineurs, la<strong> psychologie cognitive<\/strong> pour l\u2019\u00e9tude de comportements et les <strong>sciences de l\u2019\u00e9ducation<\/strong> dans l\u2019\u00e9valuation des facteurs explicatifs de la r\u00e9ussite \u00e9ducative.<\/li>\n<li>une composante de recherche et <strong>d\u00e9veloppement<\/strong>, en partenariat avec des <strong>entreprises<\/strong> du domaine, pour concevoir et d\u00e9velopper des <strong>prototypes robustes<\/strong> destin\u00e9s \u00e0 \u00eatre utilis\u00e9s en situation r\u00e9elle.<\/li>\n<li>une <strong>implication<\/strong> continue des <strong>acteurs \u00e9ducatifs<\/strong>, en participant \u00e0 la d\u00e9finition d\u2019outils adapt\u00e9s \u00e0 leurs attentes et \u00e0 l&rsquo;\u00e9valuation de ces outils.<\/li>\n<\/ul>\n","protected":false},"excerpt":{"rendered":"<p>Le projet METAL vise \u00e0 concevoir, d\u00e9velopper et \u00e9valuer un ensemble d&rsquo;outils de suivi individualis\u00e9 destin\u00e9s aux \u00e9l\u00e8ves ou aux enseignants (Learning Analytics), et des technologies innovantes pour un apprentissage personnalis\u00e9 des langues \u00e0 l&rsquo;\u00e9crit (grammaire fran\u00e7aise) et \u00e0 l&rsquo;oral (prononciation de langues vivantes). &nbsp; Ce projet allie \u00e0 la\u2026<\/p>\n<p> <a class=\"continue-reading-link\" href=\"https:\/\/metal.loria.fr\/fr\/le-projet\/\"><span>En savoir +<\/span><i class=\"crycon-right-dir\"><\/i><\/a> <\/p>\n","protected":false},"author":1990,"featured_media":0,"parent":0,"menu_order":0,"comment_status":"closed","ping_status":"closed","template":"","meta":{"footnotes":""},"class_list":["post-81","page","type-page","status-publish","hentry"],"_links":{"self":[{"href":"https:\/\/metal.loria.fr\/fr\/wp-json\/wp\/v2\/pages\/81","targetHints":{"allow":["GET"]}}],"collection":[{"href":"https:\/\/metal.loria.fr\/fr\/wp-json\/wp\/v2\/pages"}],"about":[{"href":"https:\/\/metal.loria.fr\/fr\/wp-json\/wp\/v2\/types\/page"}],"author":[{"embeddable":true,"href":"https:\/\/metal.loria.fr\/fr\/wp-json\/wp\/v2\/users\/1990"}],"replies":[{"embeddable":true,"href":"https:\/\/metal.loria.fr\/fr\/wp-json\/wp\/v2\/comments?post=81"}],"version-history":[{"count":0,"href":"https:\/\/metal.loria.fr\/fr\/wp-json\/wp\/v2\/pages\/81\/revisions"}],"wp:attachment":[{"href":"https:\/\/metal.loria.fr\/fr\/wp-json\/wp\/v2\/media?parent=81"}],"curies":[{"name":"wp","href":"https:\/\/api.w.org\/{rel}","templated":true}]}}